{"id":10,"date":"2020-10-18T00:51:50","date_gmt":"2020-10-17T21:51:50","guid":{"rendered":"http:\/\/bazzazland.com\/?page_id=10"},"modified":"2023-12-13T17:58:00","modified_gmt":"2023-12-13T14:58:00","slug":"hakkimizda","status":"publish","type":"page","link":"https:\/\/bazzazland.com\/?page_id=10","title":{"rendered":"HAKKIMIZDA"},"content":{"rendered":"<p>2020 y\u0131l\u0131nda kurulan Bazzaz Land, perde, perde kuma\u015f\u0131, kuma\u015f, ev tekstili, erkek giyim, kad\u0131n giyim ve \u00e7ocuk giyim sekt\u00f6rlerinde \u00f6nc\u00fc bir marka olarak h\u0131zla b\u00fcy\u00fcmekte ve kendine sa\u011flam bir yer edinmektedir.<br \/>\n<!--more--><\/p>\n<p>Kaliteli \u00fcr\u00fcnleri, yenilik\u00e7i tasar\u0131mlar\u0131 ve m\u00fc\u015fteri memnuniyetine odakl\u0131 hizmet anlay\u0131\u015f\u0131yla tan\u0131nan \u015firketimiz, sekt\u00f6rdeki de\u011fi\u015fen talepleri yak\u0131ndan takip ederek m\u00fc\u015fterilerine en iyi deneyimi sunmay\u0131 hedeflemektedir. Bazzaz Land, geni\u015f \u00fcr\u00fcn yelpazesi ve \u00f6zg\u00fcn tasar\u0131mlar\u0131yla ev dekorasyonundan giyim sekt\u00f6r\u00fcne kadar geni\u015f bir m\u00fc\u015fteri kitlesine hitap ederek estetik ve kaliteyi bir araya getirmeyi ama\u00e7lamaktad\u0131r. Firmam\u0131z, sekt\u00f6re getirdi\u011fi yeniliklerle sadece \u00fcr\u00fcnlerinde de\u011fil, ayn\u0131 zamanda m\u00fc\u015fteri memnuniyeti odakl\u0131 profesyonel hizmet anlay\u0131\u015f\u0131yla da \u00f6ne \u00e7\u0131kmaktad\u0131r.<\/p>\n<blockquote>\n<h4 class=\"animated3\">PERDE &#038; KUMA\u015e<\/h4>\n<\/blockquote>\n","protected":false},"excerpt":{"rendered":"<p>2020 y\u0131l\u0131nda kurulan Bazzaz Land, perde, perde kuma\u015f\u0131, kuma\u015f, ev tekstili, erkek giyim, kad\u0131n giyim ve \u00e7ocuk giyim sekt\u00f6rlerinde \u00f6nc\u00fc bir marka olarak h\u0131zla b\u00fcy\u00fcmekte ve kendine sa\u011flam bir yer edinmektedir.<\/p>\n","protected":false},"author":1,"featured_media":0,"parent":0,"menu_order":0,"comment_status":"closed","ping_status":"closed","template":"about.php","meta":{"footnotes":""},"_links":{"self":[{"href":"https:\/\/bazzazland.com\/index.php?rest_route=\/wp\/v2\/pages\/10"}],"collection":[{"href":"https:\/\/bazzazland.com\/index.php?rest_route=\/wp\/v2\/pages"}],"about":[{"href":"https:\/\/bazzazland.com\/index.php?rest_route=\/wp\/v2\/types\/page"}],"author":[{"embeddable":true,"href":"https:\/\/bazzazland.com\/index.php?rest_route=\/wp\/v2\/users\/1"}],"replies":[{"embeddable":true,"href":"https:\/\/bazzazland.com\/index.php?rest_route=%2Fwp%2Fv2%2Fcomments&post=10"}],"version-history":[{"count":10,"href":"https:\/\/bazzazland.com\/index.php?rest_route=\/wp\/v2\/pages\/10\/revisions"}],"predecessor-version":[{"id":150,"href":"https:\/\/bazzazland.com\/index.php?rest_route=\/wp\/v2\/pages\/10\/revisions\/150"}],"wp:attachment":[{"href":"https:\/\/bazzazland.com\/index.php?rest_route=%2Fwp%2Fv2%2Fmedia&parent=10"}],"curies":[{"name":"wp","href":"https:\/\/api.w.org\/{rel}","templated":true}]}}