{"id":119,"date":"2023-12-13T16:59:00","date_gmt":"2023-12-13T13:59:00","guid":{"rendered":"http:\/\/bazzazland.com\/?page_id=119"},"modified":"2023-12-13T16:59:00","modified_gmt":"2023-12-13T13:59:00","slug":"contact","status":"publish","type":"page","link":"https:\/\/bazzazland.com\/?page_id=119&lang=en","title":{"rendered":"CONTACT"},"content":{"rendered":"<p><strong>\u0130STANBUL OFFICE<\/strong><\/p>\n<p>Kemalpa\u015fa Mah. Atat\u00fcrk Bulvar\u0131 Emlak Bankas\u0131 Apt. C Blok No:30 Kat: 4\/16 Fatih \/ \u0130stanbul<br \/>\n<strong>TEL:<\/strong> +90 212 511 80 90<\/p>\n<p>&nbsp;<\/p>\n<p>&nbsp;<\/p>\n","protected":false},"excerpt":{"rendered":"<p>\u0130STANBUL OFFICE Kemalpa\u015fa Mah. Atat\u00fcrk Bulvar\u0131 Emlak Bankas\u0131 Apt. C Blok No:30 Kat: 4\/16 Fatih \/ \u0130stanbul TEL: +90 212 511 80 90 &nbsp; &nbsp;<\/p>\n","protected":false},"author":1,"featured_media":0,"parent":0,"menu_order":0,"comment_status":"closed","ping_status":"closed","template":"","meta":{"footnotes":""},"_links":{"self":[{"href":"https:\/\/bazzazland.com\/index.php?rest_route=\/wp\/v2\/pages\/119"}],"collection":[{"href":"https:\/\/bazzazland.com\/index.php?rest_route=\/wp\/v2\/pages"}],"about":[{"href":"https:\/\/bazzazland.com\/index.php?rest_route=\/wp\/v2\/types\/page"}],"author":[{"embeddable":true,"href":"https:\/\/bazzazland.com\/index.php?rest_route=\/wp\/v2\/users\/1"}],"replies":[{"embeddable":true,"href":"https:\/\/bazzazland.com\/index.php?rest_route=%2Fwp%2Fv2%2Fcomments&post=119"}],"version-history":[{"count":1,"href":"https:\/\/bazzazland.com\/index.php?rest_route=\/wp\/v2\/pages\/119\/revisions"}],"predecessor-version":[{"id":120,"href":"https:\/\/bazzazland.com\/index.php?rest_route=\/wp\/v2\/pages\/119\/revisions\/120"}],"wp:attachment":[{"href":"https:\/\/bazzazland.com\/index.php?rest_route=%2Fwp%2Fv2%2Fmedia&parent=119"}],"curies":[{"name":"wp","href":"https:\/\/api.w.org\/{rel}","templated":true}]}}